{"id":12186,"date":"2018-06-08T19:40:09","date_gmt":"2018-06-08T19:40:09","guid":{"rendered":"https:\/\/www.adiuvopharma.com\/categorias-2\/analgesicos\/vitaneural-25000-vitamina-b1-b6-b12\/"},"modified":"2022-05-16T19:17:26","modified_gmt":"2022-05-16T19:17:26","slug":"vitaneural-25000-vitamina-b1-b6-b12","status":"publish","type":"page","link":"https:\/\/www.adiuvopharma.com\/en\/categorias-2\/analgesicos\/vitaneural-25000-vitamina-b1-b6-b12\/","title":{"rendered":"VITANEURAL 25,000 (Vitamin B1 + B6 + B12)"},"content":{"rendered":"\t\t<div data-elementor-type=\"wp-page\" data-elementor-id=\"12186\" class=\"elementor elementor-12186\">\n\t\t\t\t\t\t<section class=\"elementor-section elementor-top-section elementor-element elementor-element-f8249f0 elementor-section-boxed elementor-section-height-default elementor-section-height-default\" data-id=\"f8249f0\" data-element_type=\"section\">\n\t\t\t\t\t\t<div class=\"elementor-container elementor-column-gap-default\">\n\t\t\t\t\t<div class=\"elementor-column elementor-col-100 elementor-top-column elementor-element elementor-element-859c6c6\" data-id=\"859c6c6\" data-element_type=\"column\">\n\t\t\t<div class=\"elementor-widget-wrap elementor-element-populated\">\n\t\t\t\t\t\t<div class=\"elementor-element elementor-element-f5837bd elementor-widget elementor-widget-html\" data-id=\"f5837bd\" data-element_type=\"widget\" data-widget_type=\"html.default\">\n\t\t\t\t<div class=\"elementor-widget-container\">\n\t\t\t<embed src=\"\/wp-content\/uploads\/2022\/04\/Analg\u00e9sicos, Antiinflamatorios, Antipir\u00e9ticos, Antireum\u00e1ticos, Antineur\u00edticos\/Ficha t\u00e9cnica NERVIOVITAL 25_000 render INGLES.pdf\" width=\"200%\" height=\"700px\" data-mce-fragment=\"1\"><\/embed>\r\n\t\t<\/div>\n\t\t\t\t<\/div>\n\t\t\t\t\t<\/div>\n\t\t<\/div>\n\t\t\t\t\t<\/div>\n\t\t<\/section>\n\t\t\t\t<section class=\"elementor-section elementor-top-section elementor-element elementor-element-53a68d7 elementor-section-boxed elementor-section-height-default elementor-section-height-default\" data-id=\"53a68d7\" data-element_type=\"section\">\n\t\t\t\t\t\t<div class=\"elementor-container elementor-column-gap-default\">\n\t\t\t\t\t<div class=\"elementor-column elementor-col-100 elementor-top-column elementor-element elementor-element-fdace5b\" data-id=\"fdace5b\" data-element_type=\"column\">\n\t\t\t<div class=\"elementor-widget-wrap elementor-element-populated\">\n\t\t\t\t\t\t<div class=\"elementor-element elementor-element-3210694 elementor-widget elementor-widget-text-editor\" data-id=\"3210694\" data-element_type=\"widget\" data-widget_type=\"text-editor.default\">\n\t\t\t\t<div class=\"elementor-widget-container\">\n\t\t\t\t\t\t\t<p><strong>Available in the following countries:\u00a0<\/strong><\/p>\n<table>\n<tbody>\n<tr>\n<td><img decoding=\"async\" class=\"aligncenter size-full wp-image-13185\" src=\"https:\/\/www.adiuvopharma.com\/wp-content\/uploads\/2022\/04\/honduras.png\" alt=\"\" width=\"128\" height=\"128\" srcset=\"https:\/\/www.adiuvopharma.com\/wp-content\/uploads\/2022\/04\/honduras.png 512w, https:\/\/www.adiuvopharma.com\/wp-content\/uploads\/2022\/04\/honduras-300x300.png 300w, https:\/\/www.adiuvopharma.com\/wp-content\/uploads\/2022\/04\/honduras-150x150.png 150w, https:\/\/www.adiuvopharma.com\/wp-content\/uploads\/2022\/04\/honduras-70x70.png 70w, https:\/\/www.adiuvopharma.com\/wp-content\/uploads\/2022\/04\/honduras-80x80.png 80w\" sizes=\"(max-width: 128px) 100vw, 128px\" \/><\/td>\n<td><\/td>\n<td><img decoding=\"async\" class=\"aligncenter size-full wp-image-13181\" src=\"https:\/\/www.adiuvopharma.com\/wp-content\/uploads\/2022\/04\/elsalvador.png\" alt=\"\" width=\"128\" height=\"128\" srcset=\"https:\/\/www.adiuvopharma.com\/wp-content\/uploads\/2022\/04\/elsalvador.png 128w, https:\/\/www.adiuvopharma.com\/wp-content\/uploads\/2022\/04\/elsalvador-70x70.png 70w, https:\/\/www.adiuvopharma.com\/wp-content\/uploads\/2022\/04\/elsalvador-80x80.png 80w\" sizes=\"(max-width: 128px) 100vw, 128px\" \/><\/td>\n<\/tr>\n<\/tbody>\n<\/table>\n<p><strong>manufacturer site:<a href=\"https:\/\/www.sagalabs.com\/\">https:\/\/www.sagalabs.com\/<\/a><\/strong><\/p>\n\t\t\t\t\t\t<\/div>\n\t\t\t\t<\/div>\n\t\t\t\t\t<\/div>\n\t\t<\/div>\n\t\t\t\t\t<\/div>\n\t\t<\/section>\n\t\t\t\t<\/div>\n\t\t","protected":false},"excerpt":{"rendered":"<p>Available in the following countries:\u00a0 manufacturer site:https:\/\/www.sagalabs.com\/<\/p>\n","protected":false},"author":1,"featured_media":0,"parent":12064,"menu_order":0,"comment_status":"closed","ping_status":"closed","template":"","meta":[],"_links":{"self":[{"href":"https:\/\/www.adiuvopharma.com\/en\/wp-json\/wp\/v2\/pages\/12186\/"}],"collection":[{"href":"https:\/\/www.adiuvopharma.com\/en\/wp-json\/wp\/v2\/pages\/"}],"about":[{"href":"https:\/\/www.adiuvopharma.com\/en\/wp-json\/wp\/v2\/types\/page\/"}],"author":[{"embeddable":true,"href":"https:\/\/www.adiuvopharma.com\/en\/wp-json\/wp\/v2\/users\/1\/"}],"replies":[{"embeddable":true,"href":"https:\/\/www.adiuvopharma.com\/en\/wp-json\/wp\/v2\/comments\/?post=12186"}],"version-history":[{"count":9,"href":"https:\/\/www.adiuvopharma.com\/en\/wp-json\/wp\/v2\/pages\/12186\/revisions\/"}],"predecessor-version":[{"id":14124,"href":"https:\/\/www.adiuvopharma.com\/en\/wp-json\/wp\/v2\/pages\/12186\/revisions\/14124\/"}],"up":[{"embeddable":true,"href":"https:\/\/www.adiuvopharma.com\/en\/wp-json\/wp\/v2\/pages\/12064\/"}],"wp:attachment":[{"href":"https:\/\/www.adiuvopharma.com\/en\/wp-json\/wp\/v2\/media\/?parent=12186"}],"curies":[{"name":"wp","href":"https:\/\/api.w.org\/{rel}","templated":true}]}}