{"id":12172,"date":"2018-06-08T15:44:30","date_gmt":"2018-06-08T15:44:30","guid":{"rendered":"https:\/\/www.adiuvopharma.com\/categorias-2\/analgesicos\/meloxicam-15-glucosamina-1500\/"},"modified":"2022-05-16T20:17:44","modified_gmt":"2022-05-16T20:17:44","slug":"meloxicam-15-glucosamina-1500","status":"publish","type":"page","link":"https:\/\/www.adiuvopharma.com\/en\/categorias-2\/analgesicos\/meloxicam-15-glucosamina-1500\/","title":{"rendered":"MELOXICAM 15 + GLUCOSAMINE 1500"},"content":{"rendered":"\t\t<div data-elementor-type=\"wp-page\" data-elementor-id=\"12172\" class=\"elementor elementor-12172\">\n\t\t\t\t\t\t<section class=\"elementor-section elementor-top-section elementor-element elementor-element-e97a998 elementor-section-boxed elementor-section-height-default elementor-section-height-default\" data-id=\"e97a998\" data-element_type=\"section\">\n\t\t\t\t\t\t<div class=\"elementor-container elementor-column-gap-default\">\n\t\t\t\t\t<div class=\"elementor-column elementor-col-100 elementor-top-column elementor-element elementor-element-a703bb1\" data-id=\"a703bb1\" data-element_type=\"column\">\n\t\t\t<div class=\"elementor-widget-wrap elementor-element-populated\">\n\t\t\t\t\t\t<div class=\"elementor-element elementor-element-3c614fe elementor-widget elementor-widget-html\" data-id=\"3c614fe\" data-element_type=\"widget\" data-widget_type=\"html.default\">\n\t\t\t\t<div class=\"elementor-widget-container\">\n\t\t\t<embed src=\"\/wp-content\/uploads\/2022\/04\/Analg\u00e9sicos, Antiinflamatorios, Antipir\u00e9ticos, Antireum\u00e1ticos, Antineur\u00edticos\/Ficha t\u00e9cnica MELOXICAM 15 -GLUCOSAMINA 1500 Render ingles.pdf\" width=\"200%\" height=\"700px\" data-mce-fragment=\"1\"><\/embed>\r\n\t\t<\/div>\n\t\t\t\t<\/div>\n\t\t\t\t\t<\/div>\n\t\t<\/div>\n\t\t\t\t\t<\/div>\n\t\t<\/section>\n\t\t\t\t<section class=\"elementor-section elementor-top-section elementor-element elementor-element-1153707 elementor-section-boxed elementor-section-height-default elementor-section-height-default\" data-id=\"1153707\" data-element_type=\"section\">\n\t\t\t\t\t\t<div class=\"elementor-container elementor-column-gap-default\">\n\t\t\t\t\t<div class=\"elementor-column elementor-col-100 elementor-top-column elementor-element elementor-element-613ee19\" data-id=\"613ee19\" data-element_type=\"column\">\n\t\t\t<div class=\"elementor-widget-wrap elementor-element-populated\">\n\t\t\t\t\t\t<div class=\"elementor-element elementor-element-25c2d20 elementor-widget elementor-widget-text-editor\" data-id=\"25c2d20\" data-element_type=\"widget\" data-widget_type=\"text-editor.default\">\n\t\t\t\t<div class=\"elementor-widget-container\">\n\t\t\t\t\t\t\t<p><strong>Available in the following countries:<\/strong><\/p>\n<table>\n<tbody>\n<tr>\n<td><img decoding=\"async\" class=\"aligncenter size-full wp-image-13185\" src=\"https:\/\/www.adiuvopharma.com\/wp-content\/uploads\/2022\/04\/honduras.png\" alt=\"\" width=\"128\" height=\"128\" srcset=\"https:\/\/www.adiuvopharma.com\/wp-content\/uploads\/2022\/04\/honduras.png 512w, https:\/\/www.adiuvopharma.com\/wp-content\/uploads\/2022\/04\/honduras-300x300.png 300w, https:\/\/www.adiuvopharma.com\/wp-content\/uploads\/2022\/04\/honduras-150x150.png 150w, https:\/\/www.adiuvopharma.com\/wp-content\/uploads\/2022\/04\/honduras-70x70.png 70w, https:\/\/www.adiuvopharma.com\/wp-content\/uploads\/2022\/04\/honduras-80x80.png 80w\" sizes=\"(max-width: 128px) 100vw, 128px\" \/><\/td>\n<td><img decoding=\"async\" class=\"aligncenter size-full wp-image-13177\" src=\"https:\/\/www.adiuvopharma.com\/wp-content\/uploads\/2022\/04\/costarrica.png\" alt=\"\" width=\"128\" height=\"128\" srcset=\"https:\/\/www.adiuvopharma.com\/wp-content\/uploads\/2022\/04\/costarrica.png 128w, https:\/\/www.adiuvopharma.com\/wp-content\/uploads\/2022\/04\/costarrica-70x70.png 70w, https:\/\/www.adiuvopharma.com\/wp-content\/uploads\/2022\/04\/costarrica-80x80.png 80w\" sizes=\"(max-width: 128px) 100vw, 128px\" \/><\/td>\n<td><img decoding=\"async\" class=\"aligncenter size-full wp-image-13181\" src=\"https:\/\/www.adiuvopharma.com\/wp-content\/uploads\/2022\/04\/elsalvador.png\" alt=\"\" width=\"128\" height=\"128\" srcset=\"https:\/\/www.adiuvopharma.com\/wp-content\/uploads\/2022\/04\/elsalvador.png 128w, https:\/\/www.adiuvopharma.com\/wp-content\/uploads\/2022\/04\/elsalvador-70x70.png 70w, https:\/\/www.adiuvopharma.com\/wp-content\/uploads\/2022\/04\/elsalvador-80x80.png 80w\" sizes=\"(max-width: 128px) 100vw, 128px\" \/><\/td>\n<\/tr>\n<\/tbody>\n<\/table>\n<p><strong>manufacturer site:<a href=\"https:\/\/www.sagalabs.com\/\">https:\/\/www.sagalabs.com\/<\/a><\/strong><\/p>\n\t\t\t\t\t\t<\/div>\n\t\t\t\t<\/div>\n\t\t\t\t\t<\/div>\n\t\t<\/div>\n\t\t\t\t\t<\/div>\n\t\t<\/section>\n\t\t\t\t<\/div>\n\t\t","protected":false},"excerpt":{"rendered":"<p>Available in the following countries: manufacturer site:https:\/\/www.sagalabs.com\/<\/p>\n","protected":false},"author":1,"featured_media":0,"parent":12064,"menu_order":0,"comment_status":"closed","ping_status":"closed","template":"","meta":[],"_links":{"self":[{"href":"https:\/\/www.adiuvopharma.com\/en\/wp-json\/wp\/v2\/pages\/12172\/"}],"collection":[{"href":"https:\/\/www.adiuvopharma.com\/en\/wp-json\/wp\/v2\/pages\/"}],"about":[{"href":"https:\/\/www.adiuvopharma.com\/en\/wp-json\/wp\/v2\/types\/page\/"}],"author":[{"embeddable":true,"href":"https:\/\/www.adiuvopharma.com\/en\/wp-json\/wp\/v2\/users\/1\/"}],"replies":[{"embeddable":true,"href":"https:\/\/www.adiuvopharma.com\/en\/wp-json\/wp\/v2\/comments\/?post=12172"}],"version-history":[{"count":10,"href":"https:\/\/www.adiuvopharma.com\/en\/wp-json\/wp\/v2\/pages\/12172\/revisions\/"}],"predecessor-version":[{"id":14138,"href":"https:\/\/www.adiuvopharma.com\/en\/wp-json\/wp\/v2\/pages\/12172\/revisions\/14138\/"}],"up":[{"embeddable":true,"href":"https:\/\/www.adiuvopharma.com\/en\/wp-json\/wp\/v2\/pages\/12064\/"}],"wp:attachment":[{"href":"https:\/\/www.adiuvopharma.com\/en\/wp-json\/wp\/v2\/media\/?parent=12172"}],"curies":[{"name":"wp","href":"https:\/\/api.w.org\/{rel}","templated":true}]}}