{"id":12168,"date":"2018-06-08T16:01:21","date_gmt":"2018-06-08T16:01:21","guid":{"rendered":"https:\/\/www.adiuvopharma.com\/categorias-2\/analgesicos\/ibuprofeno-400-ibuprofeno-600\/"},"modified":"2024-07-23T15:31:44","modified_gmt":"2024-07-23T15:31:44","slug":"ibuprofeno-400-ibuprofeno-600","status":"publish","type":"page","link":"https:\/\/www.adiuvopharma.com\/en\/categorias-2\/analgesicos\/ibuprofeno-400-ibuprofeno-600\/","title":{"rendered":"IBUPROFEN 400"},"content":{"rendered":"\t\t<div data-elementor-type=\"wp-page\" data-elementor-id=\"12168\" class=\"elementor elementor-12168\">\n\t\t\t\t\t\t<section class=\"elementor-section elementor-top-section elementor-element elementor-element-d6858f1 elementor-section-boxed elementor-section-height-default elementor-section-height-default\" data-id=\"d6858f1\" data-element_type=\"section\">\n\t\t\t\t\t\t<div class=\"elementor-container elementor-column-gap-default\">\n\t\t\t\t\t<div class=\"elementor-column elementor-col-100 elementor-top-column elementor-element elementor-element-80d74c4\" data-id=\"80d74c4\" data-element_type=\"column\">\n\t\t\t<div class=\"elementor-widget-wrap elementor-element-populated\">\n\t\t\t\t\t\t<div class=\"elementor-element elementor-element-07fe19c elementor-widget elementor-widget-html\" data-id=\"07fe19c\" data-element_type=\"widget\" data-widget_type=\"html.default\">\n\t\t\t\t<div class=\"elementor-widget-container\">\n\t\t\t<embed src=\"\/wp-content\/uploads\/2022\/04\/Analg\u00e9sicos, Antiinflamatorios, Antipir\u00e9ticos, Antireum\u00e1ticos, Antineur\u00edticos\/Ficha Tecnica Ibuprofeno 400mg render ingles.pdf\" width=\"200%\" height=\"700px\" data-mce-fragment=\"1\"><\/embed>\t\t<\/div>\n\t\t\t\t<\/div>\n\t\t\t\t\t<\/div>\n\t\t<\/div>\n\t\t\t\t\t<\/div>\n\t\t<\/section>\n\t\t\t\t<section class=\"elementor-section elementor-top-section elementor-element elementor-element-e5e14c1 elementor-section-boxed elementor-section-height-default elementor-section-height-default\" data-id=\"e5e14c1\" data-element_type=\"section\">\n\t\t\t\t\t\t<div class=\"elementor-container elementor-column-gap-default\">\n\t\t\t\t\t<div class=\"elementor-column elementor-col-100 elementor-top-column elementor-element elementor-element-67da83d\" data-id=\"67da83d\" data-element_type=\"column\">\n\t\t\t<div class=\"elementor-widget-wrap elementor-element-populated\">\n\t\t\t\t\t\t<div class=\"elementor-element elementor-element-4cd49ae elementor-widget elementor-widget-text-editor\" data-id=\"4cd49ae\" data-element_type=\"widget\" data-widget_type=\"text-editor.default\">\n\t\t\t\t<div class=\"elementor-widget-container\">\n\t\t\t\t\t\t\t<strong>Available in the following countries:\u00a0<\/strong>\n<table>\n<tbody>\n<tr>\n<td><img decoding=\"async\" class=\"aligncenter size-full wp-image-13185\" src=\"https:\/\/www.adiuvopharma.com\/wp-content\/uploads\/2022\/04\/honduras.png\" alt=\"\" width=\"128\" height=\"128\" srcset=\"https:\/\/www.adiuvopharma.com\/wp-content\/uploads\/2022\/04\/honduras.png 512w, https:\/\/www.adiuvopharma.com\/wp-content\/uploads\/2022\/04\/honduras-300x300.png 300w, https:\/\/www.adiuvopharma.com\/wp-content\/uploads\/2022\/04\/honduras-150x150.png 150w, https:\/\/www.adiuvopharma.com\/wp-content\/uploads\/2022\/04\/honduras-70x70.png 70w, https:\/\/www.adiuvopharma.com\/wp-content\/uploads\/2022\/04\/honduras-80x80.png 80w\" sizes=\"(max-width: 128px) 100vw, 128px\" \/><\/td>\n<td><img decoding=\"async\" class=\"aligncenter size-full wp-image-13177\" src=\"https:\/\/www.adiuvopharma.com\/wp-content\/uploads\/2022\/04\/costarrica.png\" alt=\"\" width=\"128\" height=\"128\" srcset=\"https:\/\/www.adiuvopharma.com\/wp-content\/uploads\/2022\/04\/costarrica.png 128w, https:\/\/www.adiuvopharma.com\/wp-content\/uploads\/2022\/04\/costarrica-70x70.png 70w, https:\/\/www.adiuvopharma.com\/wp-content\/uploads\/2022\/04\/costarrica-80x80.png 80w\" sizes=\"(max-width: 128px) 100vw, 128px\" \/><\/td>\n<td><img decoding=\"async\" class=\"aligncenter size-full wp-image-13189\" src=\"https:\/\/www.adiuvopharma.com\/wp-content\/uploads\/2022\/04\/nicaragua.png\" alt=\"\" width=\"128\" height=\"128\" srcset=\"https:\/\/www.adiuvopharma.com\/wp-content\/uploads\/2022\/04\/nicaragua.png 128w, https:\/\/www.adiuvopharma.com\/wp-content\/uploads\/2022\/04\/nicaragua-70x70.png 70w, https:\/\/www.adiuvopharma.com\/wp-content\/uploads\/2022\/04\/nicaragua-80x80.png 80w\" sizes=\"(max-width: 128px) 100vw, 128px\" \/><\/td>\n<td><img loading=\"lazy\" decoding=\"async\" class=\"aligncenter size-full wp-image-13189\" src=\"https:\/\/www.adiuvopharma.com\/wp-content\/uploads\/2022\/04\/elsalvador.png\" alt=\"\" width=\"128\" height=\"128\" \/><\/td>\n<td><img loading=\"lazy\" decoding=\"async\" class=\"aligncenter size-full wp-image-13183\" src=\"https:\/\/www.adiuvopharma.com\/wp-content\/uploads\/2022\/04\/guatemala.png\" alt=\"\" width=\"128\" height=\"128\" srcset=\"https:\/\/www.adiuvopharma.com\/wp-content\/uploads\/2022\/04\/guatemala.png 128w, https:\/\/www.adiuvopharma.com\/wp-content\/uploads\/2022\/04\/guatemala-70x70.png 70w, https:\/\/www.adiuvopharma.com\/wp-content\/uploads\/2022\/04\/guatemala-80x80.png 80w\" sizes=\"(max-width: 128px) 100vw, 128px\" \/><\/td>\n<\/tr>\n<\/tbody>\n<\/table>\n<strong>manufacturer site:\u00a0<a href=\"https:\/\/www.cironpharma.com\/\">https:\/\/www.cironpharma.com\/<\/a><\/strong>\t\t\t\t\t\t<\/div>\n\t\t\t\t<\/div>\n\t\t\t\t\t<\/div>\n\t\t<\/div>\n\t\t\t\t\t<\/div>\n\t\t<\/section>\n\t\t\t\t<\/div>\n\t\t","protected":false},"excerpt":{"rendered":"","protected":false},"author":1,"featured_media":0,"parent":12064,"menu_order":0,"comment_status":"closed","ping_status":"closed","template":"","meta":[],"_links":{"self":[{"href":"https:\/\/www.adiuvopharma.com\/en\/wp-json\/wp\/v2\/pages\/12168\/"}],"collection":[{"href":"https:\/\/www.adiuvopharma.com\/en\/wp-json\/wp\/v2\/pages\/"}],"about":[{"href":"https:\/\/www.adiuvopharma.com\/en\/wp-json\/wp\/v2\/types\/page\/"}],"author":[{"embeddable":true,"href":"https:\/\/www.adiuvopharma.com\/en\/wp-json\/wp\/v2\/users\/1\/"}],"replies":[{"embeddable":true,"href":"https:\/\/www.adiuvopharma.com\/en\/wp-json\/wp\/v2\/comments\/?post=12168"}],"version-history":[{"count":14,"href":"https:\/\/www.adiuvopharma.com\/en\/wp-json\/wp\/v2\/pages\/12168\/revisions\/"}],"predecessor-version":[{"id":18478,"href":"https:\/\/www.adiuvopharma.com\/en\/wp-json\/wp\/v2\/pages\/12168\/revisions\/18478\/"}],"up":[{"embeddable":true,"href":"https:\/\/www.adiuvopharma.com\/en\/wp-json\/wp\/v2\/pages\/12064\/"}],"wp:attachment":[{"href":"https:\/\/www.adiuvopharma.com\/en\/wp-json\/wp\/v2\/media\/?parent=12168"}],"curies":[{"name":"wp","href":"https:\/\/api.w.org\/{rel}","templated":true}]}}